{"id":5,"date":"2017-04-25T22:34:52","date_gmt":"2017-04-25T20:34:52","guid":{"rendered":"http:\/\/allterra.jarolim.eu\/de\/?page_id=5"},"modified":"2017-11-05T11:21:03","modified_gmt":"2017-11-05T10:21:03","slug":"home","status":"publish","type":"page","link":"https:\/\/www.allterra.at\/de\/","title":{"rendered":"Startseite"},"content":{"rendered":"<p>IT-Beratung von ALLTERRA IT Solutions bedeutet f\u00fcr Sie Individualit\u00e4t, Effizienz und Nachhaltigkeit.<\/p>\n<p>Die langj\u00e4hrige Erfahrung unserer Berater in diversen Branchen erm\u00f6glicht es uns L\u00f6sungen umzusetzen, die sich tief in Ihre Gesch\u00e4ftsprozesse integrieren und diese optimieren. Wir blicken dabei immer \u00fcber die Projektgrenzen hinaus, um einen gr\u00f6\u00dft m\u00f6glichen Effekt zu erzielen und Insell\u00f6sungen zu vermeiden.<\/p>\n<p>Wir sind europaweit in Projekten f\u00fcr unsere Kunden t\u00e4tig. Dazu z\u00e4hlen Kunden aus den Branchen Logistik, Industrie, Retail\u00a0oder Energie.<\/p>\n<p>&nbsp;<\/p>\n<p><a class=\"btn btn-default\" href=\"\/de\/services\/\">\u00bb Unsere Dienstleistungen<\/a><\/p>\n<p>&nbsp;<\/p>\n","protected":false},"excerpt":{"rendered":"<p>IT-Beratung von ALLTERRA IT Solutions bedeutet f\u00fcr Sie Individualit\u00e4t, Effizienz und Nachhaltigkeit. Die langj\u00e4hrige Erfahrung unserer Berater in diversen Branchen erm\u00f6glicht es uns L\u00f6sungen umzusetzen, die sich tief in Ihre Gesch\u00e4ftsprozesse integrieren und diese optimieren. Wir blicken dabei immer \u00fcber die Projektgrenzen hinaus, um einen gr\u00f6\u00dft m\u00f6glichen Effekt zu erzielen und Insell\u00f6sungen zu vermeiden. Wir [&hellip;]<\/p>\n","protected":false},"author":1,"featured_media":0,"parent":0,"menu_order":0,"comment_status":"closed","ping_status":"closed","template":"","meta":{"footnotes":""},"_links":{"self":[{"href":"https:\/\/www.allterra.at\/de\/wp-json\/wp\/v2\/pages\/5"}],"collection":[{"href":"https:\/\/www.allterra.at\/de\/wp-json\/wp\/v2\/pages"}],"about":[{"href":"https:\/\/www.allterra.at\/de\/wp-json\/wp\/v2\/types\/page"}],"author":[{"embeddable":true,"href":"https:\/\/www.allterra.at\/de\/wp-json\/wp\/v2\/users\/1"}],"replies":[{"embeddable":true,"href":"https:\/\/www.allterra.at\/de\/wp-json\/wp\/v2\/comments?post=5"}],"version-history":[{"count":30,"href":"https:\/\/www.allterra.at\/de\/wp-json\/wp\/v2\/pages\/5\/revisions"}],"predecessor-version":[{"id":141,"href":"https:\/\/www.allterra.at\/de\/wp-json\/wp\/v2\/pages\/5\/revisions\/141"}],"wp:attachment":[{"href":"https:\/\/www.allterra.at\/de\/wp-json\/wp\/v2\/media?parent=5"}],"curies":[{"name":"wp","href":"https:\/\/api.w.org\/{rel}","templated":true}]}}