{"id":69,"date":"2017-05-05T08:46:38","date_gmt":"2017-05-05T06:46:38","guid":{"rendered":"http:\/\/allterra.jarolim.eu\/de\/?page_id=69"},"modified":"2018-07-13T12:43:36","modified_gmt":"2018-07-13T10:43:36","slug":"impressum","status":"publish","type":"page","link":"https:\/\/www.allterra.at\/de\/impressum\/","title":{"rendered":"Impressum"},"content":{"rendered":"<h3>ALLTERRA IT Solutions GmbH<\/h3>\n<p><strong>Adresse:<\/strong><br \/>\nFeldgasse 2-4\/14<br \/>\n1230 Wien<br \/>\n\u00d6sterreich<\/p>\n<p><strong>Kontakt:<br \/>\n<\/strong>Gesch\u00e4ftsf\u00fchrung: Alexander Szigetvary<br \/>\nMobil: <a href=\"tel:+43 664 1801224\">+43 664 1801224<br \/>\n<\/a>E-Mail: <a href=\"mailto:office@allterra.at\">office@allterra.at<\/a><\/p>\n<p>Firmenbuchgericht:\u00a0 Handelsgericht Wien<br \/>\nFirmenbuchnummer:\u00a0 FN 396309 h<br \/>\nKammerzugeh\u00f6rigkeit:\u00a0 Wirtschaftskammer \u00d6sterreich<br \/>\nUmsatzsteuer-ID:\u00a0 ATU68003616<\/p>\n<h3>RECHTLICHE HINWEISE<\/h3>\n<p><strong>Datenschutzerkl\u00e4rung:<\/strong><br \/>\nDer Schutz Ihrer pers\u00f6nlichen Daten ist uns ein besonderes Anliegen. Wir verarbeiten Ihre Daten daher ausschlie\u00dflich auf Grundlage der gesetzlichen Bestimmungen (DSGVO, TKG 2003). In diesen Datenschutzinformationen informieren wir Sie \u00fcber die wichtigsten Aspekte der Datenverarbeitung im Rahmen unserer Website. <\/p>\n<p><strong>Kontakt mit uns:<\/strong><br \/>\nWenn Sie per E-Mail Kontakt mit uns aufnehmen, werden Ihre angegebenen Daten zwecks Bearbeitung der Anfrage und f\u00fcr den Fall von Anschlussfragen sechs Monate bei uns gespeichert. Diese Daten geben wir nicht ohne Ihre Einwilligung weiter. <\/p>\n<p><strong>Cookies:<\/strong><br \/>\nUnsere Website verwendet so genannte Cookies. Dabei handelt es sich um kleine Textdateien, die mit Hilfe des Browsers auf Ihrem Endger\u00e4t abgelegt werden. Sie richten keinen Schaden an.<br \/>\nWir nutzen Cookies dazu, unser Angebot nutzerfreundlich zu gestalten. Einige Cookies bleiben auf Ihrem Endger\u00e4t gespeichert, bis Sie diese l\u00f6schen. Sie erm\u00f6glichen es uns, Ihren Browser beim n\u00e4chsten Besuch wiederzuerkennen.<br \/>\nWenn Sie dies nicht w\u00fcnschen, so k\u00f6nnen Sie Ihren Browser so einrichten, dass er Sie \u00fcber das Setzen von Cookies informiert und Sie dies nur im Einzelfall erlauben.<br \/>\nBei der Deaktivierung von Cookies kann die Funktionalit\u00e4t unserer Website eingeschr\u00e4nkt sein.<\/p>\n<p><strong>Auskunftsrecht:<\/strong><br \/>\nAuf Ihr Verlangen teilen wir Ihnen gerne mit, ob und welche personenbezogenen Daten zu Ihrer Person gespeichert sind sowie verarbeitet werden. <\/p>\n<p><strong>Ansprechpartner:<\/strong><br \/>\nS\u00e4mtliche Anfragen und R\u00fcckfragen zur Datennutzung richten Sie bitte an office@allterra.at.<\/p>\n<hr \/>\n<p><strong>Nutzungsbedingungen:<\/strong><br \/>\nAlle Inhalte unserer Homepage sind urheberrechtlich gesch\u00fctzt. Inhalte d\u00fcrfen in keiner Weise ver\u00e4ndert, kopiert oder der \u00d6ffentlichkeit zug\u00e4nglich gemacht werden ohne im Vorhinein eine schriftliche Genehmigung eingeholt zu haben.<\/p>\n<p><strong>Markenrechte:<\/strong><br \/>\nInhaber aller auf unseren Webseiten verwendeten Marken sind ALLTERRA IT Solutions GmbH oder die genannten Hersteller selbst. Dritten ist die Nutzung und Verwendung s\u00e4mtlicher Marken, Logos und Kennzeichen untersagt.<\/p>\n<p><strong>Haftung f\u00fcr Inhalte und Links:<\/strong><br \/>\nALLTERRA IT Solutions GmbH pr\u00fcft und aktualisiert die Informationen auf seiner Webseite laufend. Trotz aller Sorgfalt k\u00f6nnen sich Daten zwischenzeitlich ver\u00e4ndert haben, wir k\u00f6nnen daher keine Garantie f\u00fcr die Aktualit\u00e4t, Richtigkeit und Vollst\u00e4ndigkeit der Angaben \u00fcbernehmen. Dies gilt auch f\u00fcr Webseiten, auf die durch Link verwiesen wird. ALLTERRA IT Solutions GmbH ist f\u00fcr den Inhalt solcher Webseiten nicht verantwortlich.<\/p>\n","protected":false},"excerpt":{"rendered":"<p>ALLTERRA IT Solutions GmbH Adresse: Feldgasse 2-4\/14 1230 Wien \u00d6sterreich Kontakt: Gesch\u00e4ftsf\u00fchrung: Alexander Szigetvary Mobil: +43 664 1801224 E-Mail: office@allterra.at Firmenbuchgericht:\u00a0 Handelsgericht Wien Firmenbuchnummer:\u00a0 FN 396309 h Kammerzugeh\u00f6rigkeit:\u00a0 Wirtschaftskammer \u00d6sterreich Umsatzsteuer-ID:\u00a0 ATU68003616 RECHTLICHE HINWEISE Datenschutzerkl\u00e4rung: Der Schutz Ihrer pers\u00f6nlichen Daten ist uns ein besonderes Anliegen. Wir verarbeiten Ihre Daten daher ausschlie\u00dflich auf Grundlage der gesetzlichen [&hellip;]<\/p>\n","protected":false},"author":1,"featured_media":0,"parent":0,"menu_order":0,"comment_status":"closed","ping_status":"closed","template":"","meta":{"footnotes":""},"_links":{"self":[{"href":"https:\/\/www.allterra.at\/de\/wp-json\/wp\/v2\/pages\/69"}],"collection":[{"href":"https:\/\/www.allterra.at\/de\/wp-json\/wp\/v2\/pages"}],"about":[{"href":"https:\/\/www.allterra.at\/de\/wp-json\/wp\/v2\/types\/page"}],"author":[{"embeddable":true,"href":"https:\/\/www.allterra.at\/de\/wp-json\/wp\/v2\/users\/1"}],"replies":[{"embeddable":true,"href":"https:\/\/www.allterra.at\/de\/wp-json\/wp\/v2\/comments?post=69"}],"version-history":[{"count":20,"href":"https:\/\/www.allterra.at\/de\/wp-json\/wp\/v2\/pages\/69\/revisions"}],"predecessor-version":[{"id":156,"href":"https:\/\/www.allterra.at\/de\/wp-json\/wp\/v2\/pages\/69\/revisions\/156"}],"wp:attachment":[{"href":"https:\/\/www.allterra.at\/de\/wp-json\/wp\/v2\/media?parent=69"}],"curies":[{"name":"wp","href":"https:\/\/api.w.org\/{rel}","templated":true}]}}